{"id":242,"date":"2025-04-03T09:41:34","date_gmt":"2025-04-03T07:41:34","guid":{"rendered":"https:\/\/ankabi.de\/index.php\/impressum\/"},"modified":"2025-04-03T12:04:16","modified_gmt":"2025-04-03T10:04:16","slug":"impressum","status":"publish","type":"page","link":"https:\/\/ankabi.de\/index.php\/impressum\/","title":{"rendered":"Impressum"},"content":{"rendered":"\t\t<div data-elementor-type=\"wp-page\" data-elementor-id=\"242\" class=\"elementor elementor-242\" data-elementor-post-type=\"page\">\n\t\t\t\t\t\t<section class=\"elementor-section elementor-top-section elementor-element elementor-element-289de1f2 elementor-section-boxed elementor-section-height-default elementor-section-height-default\" data-id=\"289de1f2\" data-element_type=\"section\" data-e-type=\"section\" data-settings=\"{&quot;background_background&quot;:&quot;classic&quot;}\">\n\t\t\t\t\t\t<div class=\"elementor-container elementor-column-gap-default\">\n\t\t\t\t\t<div class=\"elementor-column elementor-col-100 elementor-top-column elementor-element elementor-element-2c9e7d7d\" data-id=\"2c9e7d7d\" data-element_type=\"column\" data-e-type=\"column\">\n\t\t\t<div class=\"elementor-widget-wrap elementor-element-populated\">\n\t\t\t\t\t\t<section class=\"elementor-section elementor-inner-section elementor-element elementor-element-77ca0a0b elementor-section-boxed elementor-section-height-default elementor-section-height-default\" data-id=\"77ca0a0b\" data-element_type=\"section\" data-e-type=\"section\" data-settings=\"{&quot;background_background&quot;:&quot;gradient&quot;}\">\n\t\t\t\t\t\t\t<div class=\"elementor-background-overlay\"><\/div>\n\t\t\t\t\t\t\t<div class=\"elementor-container elementor-column-gap-default\">\n\t\t\t\t\t<div class=\"elementor-column elementor-col-100 elementor-inner-column elementor-element elementor-element-6d74272d\" data-id=\"6d74272d\" data-element_type=\"column\" data-e-type=\"column\">\n\t\t\t<div class=\"elementor-widget-wrap elementor-element-populated\">\n\t\t\t\t\t\t<div class=\"elementor-element elementor-element-99b3828 elementor-widget elementor-widget-heading\" data-id=\"99b3828\" data-element_type=\"widget\" data-e-type=\"widget\" data-widget_type=\"heading.default\">\n\t\t\t\t<div class=\"elementor-widget-container\">\n\t\t\t\t\t<h2 class=\"elementor-heading-title elementor-size-default\">Impressum<\/h2>\t\t\t\t<\/div>\n\t\t\t\t<\/div>\n\t\t\t\t<div class=\"elementor-element elementor-element-3e554e32 elementor-widget elementor-widget-text-editor\" data-id=\"3e554e32\" data-element_type=\"widget\" data-e-type=\"widget\" data-widget_type=\"text-editor.default\">\n\t\t\t\t<div class=\"elementor-widget-container\">\n\t\t\t\t\t\t\t\t\t<p>Angaben gem\u00e4\u00df \u00a7 5 TMG und \u00a7 55 RStV:<\/p><p>Diese Website ist ein rein privates Projekt und dient ausschlie\u00dflich privaten Zwecken. Sie verfolgt keine kommerziellen Interessen und ist daher gem\u00e4\u00df \u00a7 5 TMG und \u00a7 55 RStV von der Impressumspflicht befreit.<\/p><p>Verantwortlich f\u00fcr den Inhalt dieser Website:<\/p><p>Angelina D.<\/p><p>info@ankabi.de<\/p><p>Hinweis: Diese Website enth\u00e4lt Links zu externen Websites Dritter, auf deren Inhalte wir keinen Einfluss haben. Deshalb k\u00f6nnen wir f\u00fcr diese fremden Inhalte auch keine Gew\u00e4hr \u00fcbernehmen. F\u00fcr die Inhalte der verlinkten Seiten ist stets der jeweilige Anbieter oder Betreiber der Seiten verantwortlich.<\/p>\t\t\t\t\t\t\t\t<\/div>\n\t\t\t\t<\/div>\n\t\t\t\t\t<\/div>\n\t\t<\/div>\n\t\t\t\t\t<\/div>\n\t\t<\/section>\n\t\t\t\t\t<\/div>\n\t\t<\/div>\n\t\t\t\t\t<\/div>\n\t\t<\/section>\n\t\t\t\t<\/div>\n\t\t","protected":false},"excerpt":{"rendered":"<p>Impressum Angaben gem\u00e4\u00df \u00a7 5 TMG und \u00a7 55 RStV: Diese Website ist ein rein privates Projekt und dient ausschlie\u00dflich privaten Zwecken. Sie verfolgt keine kommerziellen Interessen und ist daher gem\u00e4\u00df \u00a7 5 TMG und \u00a7 55 RStV von der Impressumspflicht befreit. Verantwortlich f\u00fcr den Inhalt dieser Website: Angelina D. info@ankabi.de Hinweis: Diese Website enth\u00e4lt [&hellip;]<\/p>\n","protected":false},"author":1,"featured_media":0,"parent":0,"menu_order":0,"comment_status":"closed","ping_status":"closed","template":"elementor_header_footer","meta":{"footnotes":""},"class_list":["post-242","page","type-page","status-publish","hentry"],"_links":{"self":[{"href":"https:\/\/ankabi.de\/index.php\/wp-json\/wp\/v2\/pages\/242","targetHints":{"allow":["GET"]}}],"collection":[{"href":"https:\/\/ankabi.de\/index.php\/wp-json\/wp\/v2\/pages"}],"about":[{"href":"https:\/\/ankabi.de\/index.php\/wp-json\/wp\/v2\/types\/page"}],"author":[{"embeddable":true,"href":"https:\/\/ankabi.de\/index.php\/wp-json\/wp\/v2\/users\/1"}],"replies":[{"embeddable":true,"href":"https:\/\/ankabi.de\/index.php\/wp-json\/wp\/v2\/comments?post=242"}],"version-history":[{"count":7,"href":"https:\/\/ankabi.de\/index.php\/wp-json\/wp\/v2\/pages\/242\/revisions"}],"predecessor-version":[{"id":428,"href":"https:\/\/ankabi.de\/index.php\/wp-json\/wp\/v2\/pages\/242\/revisions\/428"}],"wp:attachment":[{"href":"https:\/\/ankabi.de\/index.php\/wp-json\/wp\/v2\/media?parent=242"}],"curies":[{"name":"wp","href":"https:\/\/api.w.org\/{rel}","templated":true}]}}